{"id":1142,"date":"2026-02-03T14:09:01","date_gmt":"2026-02-03T14:09:01","guid":{"rendered":"https:\/\/sharpmarketing.agency\/informativa-sui-cookie\/"},"modified":"2026-02-05T16:18:34","modified_gmt":"2026-02-05T16:18:34","slug":"informativa-sui-cookie","status":"publish","type":"page","link":"https:\/\/sharpmarketing.agency\/it\/informativa-sui-cookie\/","title":{"rendered":"Informativa sui cookie"},"content":{"rendered":"\t\t<div data-elementor-type=\"wp-page\" data-elementor-id=\"1142\" class=\"elementor elementor-1142 elementor-820\" data-elementor-post-type=\"page\">\n\t\t\t\t<div class=\"elementor-element elementor-element-2ae7470 e-flex e-con-boxed e-con e-parent\" data-id=\"2ae7470\" data-element_type=\"container\" data-e-type=\"container\">\n\t\t\t\t\t<div class=\"e-con-inner\">\n\t\t\t\t<div class=\"elementor-element elementor-element-175aeed elementor-widget elementor-widget-text-editor\" data-id=\"175aeed\" data-element_type=\"widget\" data-e-type=\"widget\" data-widget_type=\"text-editor.default\">\n\t\t\t\t\t\t\t\t\t<h3>COOKIE POLICY<\/h3><h6><strong>Premessa<\/strong><\/h6><p><br>Il presente sito web utilizza i cosiddetti cookie. Ai sensi dell\u2019art. 13 del Regolamento UE 2016\/679 (GDPR) e della normativa nazionale applicabile in materia di trattamento dei dati personali e di cookie, la presente Cookie Policy chiarisce cosa sono i cookie e spiega quali cookie vengono utilizzati e per quali finalit\u00e0.<br>La Privacy Policy completa del sito web \u00e8 disponibile al seguente link: <a href=\"https:\/\/sharpmarketing.agency\/it\/informativa-sulla-privacy\/\">Privacy Policy<\/a>;  <\/p><h6><strong>1. Titolare del sito web<\/strong><\/h6><p>Il titolare del presente sito web \u00e8 \u201cRadames Srl\u201d (di seguito \u201cSharp\u201d), con sede legale in Piazza Mazzini 18, 22100 \u2013 Como.<\/p><h6><strong>2. Definizione di cookie<\/strong><\/h6><p>I cookie sono piccoli file di testo che i siti web inviano al dispositivo dell\u2019utente quando li visita. Una volta memorizzati sul dispositivo, vengono ritrasmessi agli stessi siti in occasione della visita successiva effettuata dallo stesso dispositivo (\u201ccookie di prima parte\u201d).<br>Durante la navigazione di un sito web, l\u2019utente pu\u00f2 ricevere sul proprio dispositivo anche cookie provenienti da siti web o server diversi (\u201ccookie di terze parti\u201d), impostati da un sito diverso da quello che si sta visitando. Ci\u00f2 accade perch\u00e9 il sito visitato pu\u00f2 contenere elementi come, ad esempio, immagini, mappe, suoni o link specifici a pagine web di altri domini, che risiedono su server diversi da quello sul quale \u00e8 ospitata la pagina richiesta.   <\/p><p>I cookie possono avere una durata diversa. Esistono cookie temporanei (ossia limitati alla singola sessione di navigazione del browser), che vengono automaticamente disattivati alla chiusura del browser, e cookie persistenti, che hanno una data di scadenza prestabilita e rimangono memorizzati e attivi sul disco rigido dell\u2019utente fino alla loro scadenza o fino alla loro cancellazione volontaria, continuando a raccogliere informazioni anche durante diverse sessioni di navigazione. <\/p><h6><strong>3. Classificazione cookie<\/strong><\/h6><p><span style=\"text-decoration: underline;\">3.1 Cookie tecnici<\/span><\/p><p>I cookie tecnici sono utilizzati esclusivamente per consentire all\u2019utente di navigare nel sito web e di utilizzarne tutte le funzionalit\u00e0. Si tratta di cookie di prima parte, in quanto gestiti direttamente da Sharp.<br>Alcuni cookie tecnici, detti \u201ccookie di navigazione\u201d, sono essenziali per offrire all\u2019utente un\u2019esperienza di navigazione ottimale o per consentire la creazione di un profilo utente che permetta, ad esempio, l\u2019accesso all\u2019area riservata del sito o l\u2019acquisto online. I cookie di navigazione sono normalmente cookie temporanei.  <\/p><p>Altri cookie tecnici, detti \u201ccookie di funzionalit\u00e0\u201d, sono utili per memorizzare alcune preferenze dell\u2019utente (ad esempio lingua, tipo di browser o paese di provenienza), cos\u00ec da non doverle reimpostare nelle visite successive. I cookie di funzionalit\u00e0 sono spesso cookie persistenti. <\/p><p><span style=\"text-decoration: underline;\">3.2 Cookie analitici<\/span><\/p><p>I cookie di analisi sono utilizzati sul sito web per raccogliere informazioni statistiche, in forma aggregata o meno, sul numero di utenti che accedono al sito e sulle modalit\u00e0 di utilizzo dello stesso.<\/p><p><span style=\"text-decoration: underline;\">3.3 Cookie di profilazione<\/span><\/p><p>I cookie di profilazione sono utilizzati per raccogliere dati personali e creare un profilo dell\u2019utente, sulla base delle preferenze manifestate durante la navigazione sul web. Consentono di proporre all\u2019utente messaggi pubblicitari in linea con il suo profilo di consumo, in base ai suoi gusti e alle sue abitudini. <\/p><p>Come previsto dalla normativa privacy applicabile, per l\u2019installazione di tali cookie \u00e8 richiesto il consenso preventivo dell\u2019utente.<\/p><p>L\u2019utente \u00e8 libero di impedire in qualsiasi momento l\u2019installazione dei cookie di profilazione, senza che ci\u00f2 comprometta la possibilit\u00e0 di visitare il sito web e di utilizzarne i contenuti. Qualora l\u2019utente decida di disabilitare i cookie di profilazione, ci\u00f2 non significa che non ricever\u00e0 pi\u00f9 pubblicit\u00e0 sul sito; tuttavia, la pubblicit\u00e0 visualizzata potrebbe non essere coerente con i suoi interessi.  <\/p><h6><strong>4. Cookie utilizzati<\/strong><\/h6><p><span style=\"text-decoration: underline;\">4.1 Cookie tecnici<\/span><\/p><p>Il sito web utilizza attualmente i seguenti cookie tecnici:<\/p><table class=\"table table-sm table-bordered\"><thead><tr><th scope=\"col\">Fornitore<\/th><th scope=\"col\">Nome del cookie<\/th><th scope=\"col\">Funzione del cookie<\/th><th scope=\"col\">Durata<\/th><\/tr><\/thead><tbody><tr><td>Sharp<\/td><td>cookiesconsent_status<\/td><td>Ricorda che l&#8217;utente ha visto il banner relativo all&#8217;uso dei cookie<\/td><td>1 anno<\/td><\/tr><tr><td>HubSpot Inc.<\/td><td>__hs_initial_opt_in<\/td><td>Memorizza la scelta iniziale dell&#8217;utente in merito al consenso ai cookie<\/td><td>7 giorni<\/td><\/tr><tr><td>HubSpot Inc.<\/td><td>__hs_cookie_cat_pref<\/td><td>Memorizza le preferenze dell&#8217;utente in merito alle categorie di cookie<\/td><td>6 months<\/td><\/tr><\/tbody><\/table><p>Come previsto dalla normativa privacy applicabile, per l\u2019installazione di tali cookie non \u00e8 richiesto il consenso preventivo. In ogni caso, l\u2019utente ha il diritto di impedire l\u2019installazione dei cookie tecnici modificando le impostazioni del proprio browser.<br>Si precisa che il blocco o la successiva cancellazione dei cookie tecnici pu\u00f2 compromettere la possibilit\u00e0 di accedere al sito web e di utilizzarne pienamente tutte le funzionalit\u00e0. <\/p><p><span style=\"text-decoration: underline;\">4.2 Cookie analitici<\/span><\/p><p>Il sito web utilizza attualmente i seguenti cookie di analisi:<\/p><table class=\"table table-sm table-bordered\"><thead><tr><th scope=\"col\">Fornitore<\/th><th scope=\"col\">Nome del cookie<\/th><th scope=\"col\">Funzione del cookie<\/th><th scope=\"col\">Durata<\/th><\/tr><\/thead><tbody><tr><td>Sharp<\/td><td>_ga<\/td><td>Usato per distinguere gli utenti<\/td><td>2 years<\/td><\/tr><tr><td>Sharp<\/td><td>_gid<\/td><td>Used to distinguish users<\/td><td>24 hours<\/td><\/tr><tr><td>Sharp<\/td><td>_gat<\/td><td>Used to limit the rate of requests<\/td><td>1 minute<\/td><\/tr><tr><td>HubSpot Inc.<\/td><td>__hstc<\/td><td>Main cookie for tracking visitors and sessions<\/td><td>6 months<\/td><\/tr><tr><td>HubSpot Inc.<\/td><td>hubspotutk<\/td><td>Stores the visitor\u2019s identity and associates it with interactions on the website<\/td><td>6 months<\/td><\/tr><tr><td>HubSpot Inc.<\/td><td>__hssc<\/td><td>Tracks the user\u2019s sessions<\/td><td>30 minutes<\/td><\/tr><tr><td>HubSpot Inc.<\/td><td>__hssrc<\/td><td>Checks whether the browser has been restarted<\/td><td>Session<\/td><\/tr><\/tbody><\/table><p><\/p><p>I cookie di analisi del sito web sono cookie di prima parte in quanto forniti direttamente da Sharp. Tuttavia, sono generalmente considerati cookie di terze parti, poich\u00e9 consentono l\u2019invio dei dati all\u2019esterno del sito web. In particolare, tramite i cookie di analisi, i dati vengono forniti a Google Inc. per servizi relativi a Google Analytics.  <\/p><p>I cookie di analisi vengono installati sul dispositivo dell\u2019utente solo previo consenso, in quanto i dati raccolti potrebbero non essere anonimizzati e i soggetti terzi che li gestiscono potrebbero accedere a informazioni disaggregate e collegarle all\u2019indirizzo IP dell\u2019utente.<\/p><p>All\u2019accesso al sito web viene visualizzato un apposito banner informativo sull\u2019uso dei cookie di analisi. Chiudendo il banner, scorrendo la pagina o cliccando su qualsiasi elemento esterno al banner, l\u2019utente presta il proprio consenso all\u2019uso dei cookie. <\/p><p>Qualora l\u2019utente fornisca il consenso, Sharp ne terr\u00e0 traccia tramite uno specifico cookie tecnico, evitando cos\u00ec la riproposizione del banner nelle visite successive. <\/p><p>Se tale cookie tecnico viene eliminato dal browser (come descritto nella sezione 5), la registrazione del consenso andr\u00e0 persa e il banner verr\u00e0 nuovamente visualizzato alla visita successiva.<br><\/p><p>L\u2019utente ha il diritto di bloccare in qualsiasi momento l\u2019installazione dei cookie di analisi, senza che ci\u00f2 comprometta la corretta navigazione del sito e l\u2019utilizzo dei suoi contenuti.<\/p><p>\u00c8 possibile disabilitare Google Analytics installando l\u2019apposito componente aggiuntivo per il browser fornito da Google.<\/p><p>Per maggiori informazioni: <a href=\"https:\/\/tools.google.com\/dlpage\/gaoptout\">https:\/\/tools.google.com\/dlpage\/gaoptout<\/a><\/p><p><span style=\"text-decoration: underline;\">4.3 Cookie di profilazione<\/span><\/p><p>Il sito web utilizza attualmente i seguenti cookie di profilazione:<\/p><table class=\"table table-sm table-bordered\"><thead><tr><th scope=\"col\">Fornitore<\/th><th scope=\"col\">Nome del cookie<\/th><th scope=\"col\">Funzione del cookie<\/th><th scope=\"col\">Durata<\/th><\/tr><\/thead><tbody><tr><td>Sharp and Facebook Inc.<\/td><td>Facebook Pixel set<\/td><td>Analyze user behavior for marketing purposes<\/td><td>Variable: from session to 2 years<\/td><\/tr><tr><td>HubSpot Inc.<\/td><td>__hs_opt_out<\/td><td>Records the user\u2019s choice not to be tracked for marketing purposes<\/td><td>6 months<\/td><\/tr><tr><td>HubSpot Inc.<\/td><td>__hs_do_not_track<\/td><td>Prevents HubSpot tracking when the user has denied consent<\/td><td>6 months<\/td><\/tr><\/tbody><\/table><p>I cookie di profilazione del sito web possono essere cookie di prima parte, se forniti direttamente da Sharp, o cookie di terze parti, se installati e gestiti da soggetti terzi. In ogni caso, anche i cookie di profilazione di prima parte sono generalmente considerati cookie di terze parti, poich\u00e9 consentono l\u2019invio dei dati all\u2019esterno del sito. In particolare, tramite tali cookie, i dati vengono forniti a Facebook Inc. per servizi relativi ai Facebook Pixel.  <\/p><p>Analogamente ai cookie di analisi, i cookie di profilazione vengono installati solo previo consenso dell\u2019utente, poich\u00e9 i soggetti che gestiscono i dati possono accedere a informazioni disaggregate.<\/p><p>All\u2019accesso al sito viene mostrato un apposito banner informativo. Chiudendo il banner, scorrendo la pagina o cliccando su qualsiasi elemento esterno al banner, l\u2019utente acconsente all\u2019uso dei cookie. <\/p><p>If you provide your consent to the installation of cookies, Sharp will keep track of your consent through a specific technical cookie. In this way, the cookie banner will not be displayed again during your subsequent visits to the Website. <\/p><p>Se tale cookie tecnico viene eliminato dal browser (come descritto nella sezione 5), la registrazione del consenso andr\u00e0 persa e il banner verr\u00e0 nuovamente visualizzato alla visita successiva.<\/p><p>L\u2019utente ha il diritto di bloccare in qualsiasi momento l\u2019installazione dei cookie di profilazione, senza compromettere la possibilit\u00e0 di visitare il sito e utilizzarne i contenuti.<\/p><p>\u00c8 possibile disabilitare i servizi relativi ai Facebook Pixel seguendo le istruzioni disponibili ai seguenti link:<br><a href=\"https:\/\/www.facebook.com\/policies\/cookies\/\">https:\/\/www.facebook.com\/policies\/cookies\/<\/a><br><a href=\"https:\/\/www.facebook.com\/ads\/settings\/\">https:\/\/www.facebook.com\/ads\/settings\/<\/a><\/p><p><\/p><h6><strong>5. Impostazioni cookie<\/strong><\/h6><p>Per consentire la gestione, la disabilitazione o la cancellazione dei cookie, di seguito sono riportati i link alle istruzioni fornite dai produttori dei browser:<\/p><p><a href=\"https:\/\/support.microsoft.com\/it-it\/help\/17442\">&#8211; <b>Internet Explorer<\/b>: https:\/\/support.microsoft.com\/it-it\/help\/17442<\/a><\/p><p><a href=\"https:\/\/support.google.com\/chrome\/answer\/95647?hl=it\">&#8211; <b>Google Chrome<\/b>: https:\/\/support.google.com\/chrome\/answer\/95647?hl=it<\/a><\/p><p><a href=\"https:\/\/support.mozilla.org\/it\/kb\/Attivare%20e%20disattivare%20i%20cookie\">&#8211; <b>Mozilla Firefox<\/b>: https:\/\/support.mozilla.org\/it\/kb\/Attivare%20e%20disattivare%20i%20cookie<\/a><\/p><p><a href=\"https:\/\/support.apple.com\/kb\/ph17191?locale=it_IT\">&#8211; <b>Safari<\/b>: https:\/\/support.apple.com\/kb\/ph17191?locale=it_IT<\/a><\/p><p><a href=\"http:\/\/help.opera.com\/Windows\/10.00\/it\/cookies.html\">&#8211; <b>Opera<\/b>: http:\/\/help.opera.com\/Windows\/10.00\/it\/cookies.html<\/a><\/p><p>Le impostazioni possono variare nei browser installati su dispositivi mobili.<\/p><p>Il blocco indiscriminato di tutti i cookie, inclusi quelli tecnici, senza prevedere eccezioni specifiche per il sito web, potrebbe impedire la corretta navigazione e l\u2019utilizzo, totale o parziale, delle funzionalit\u00e0 del sito.<\/p><p>Per disabilitare i cookie di terze parti \u00e8 possibile seguire le istruzioni contenute nelle privacy policy dei soggetti terzi che installano i cookie di analisi (vedi sezione 4.2). La disabilitazione dei cookie di terze parti comporta l\u2019opposizione al loro utilizzo non solo sul sito web, ma su tutti i siti che li utilizzano. La navigazione del sito e l\u2019utilizzo delle sue funzionalit\u00e0 non ne saranno in alcun modo compromessi.<br>Quando i cookie di terze parti sono disabilitati, il banner cookie continuer\u00e0 a essere visualizzato nella homepage del sito; tuttavia, in tal caso, chiudendo il banner, scorrendo la homepage o cliccando su qualsiasi elemento esterno al banner, non verranno installati sul dispositivo dell\u2019utente cookie di terze parti correttamente disabilitati.   <\/p>\t\t\t\t\t\t\t\t<\/div>\n\t\t\t\t\t<\/div>\n\t\t\t\t<\/div>\n\t\t\t\t<\/div>\n\t\t","protected":false},"excerpt":{"rendered":"<p>COOKIE POLICY Premessa Il presente sito web utilizza i cosiddetti cookie. Ai sensi dell\u2019art. 13 del Regolamento UE 2016\/679 (GDPR) e della normativa nazionale applicabile in materia di trattamento dei dati personali e di cookie, la presente Cookie Policy chiarisce cosa sono i cookie e spiega quali cookie vengono utilizzati e per quali finalit\u00e0.La Privacy [&hellip;]<\/p>\n","protected":false},"author":1,"featured_media":0,"parent":0,"menu_order":0,"comment_status":"closed","ping_status":"closed","template":"","meta":{"footnotes":""},"class_list":["post-1142","page","type-page","status-publish","hentry"],"yoast_head":"<!-- This site is optimized with the Yoast SEO plugin v27.3 - https:\/\/yoast.com\/product\/yoast-seo-wordpress\/ -->\n<title>Informativa sui cookie - SHARP<\/title>\n<meta name=\"robots\" content=\"index, follow, max-snippet:-1, max-image-preview:large, max-video-preview:-1\" \/>\n<link rel=\"canonical\" href=\"https:\/\/sharpmarketing.agency\/it\/informativa-sui-cookie\/\" \/>\n<meta property=\"og:locale\" content=\"it_IT\" \/>\n<meta property=\"og:type\" content=\"article\" \/>\n<meta property=\"og:title\" content=\"Informativa sui cookie - SHARP\" \/>\n<meta property=\"og:description\" content=\"COOKIE POLICY Premessa Il presente sito web utilizza i cosiddetti cookie. Ai sensi dell\u2019art. 13 del Regolamento UE 2016\/679 (GDPR) e della normativa nazionale applicabile in materia di trattamento dei dati personali e di cookie, la presente Cookie Policy chiarisce cosa sono i cookie e spiega quali cookie vengono utilizzati e per quali finalit\u00e0.La Privacy [&hellip;]\" \/>\n<meta property=\"og:url\" content=\"https:\/\/sharpmarketing.agency\/it\/informativa-sui-cookie\/\" \/>\n<meta property=\"og:site_name\" content=\"SHARP\" \/>\n<meta property=\"article:modified_time\" content=\"2026-02-05T16:18:34+00:00\" \/>\n<meta name=\"twitter:card\" content=\"summary_large_image\" \/>\n<meta name=\"twitter:label1\" content=\"Tempo di lettura stimato\" \/>\n\t<meta name=\"twitter:data1\" content=\"8 minuti\" \/>\n<script type=\"application\/ld+json\" class=\"yoast-schema-graph\">{\"@context\":\"https:\\\/\\\/schema.org\",\"@graph\":[{\"@type\":\"WebPage\",\"@id\":\"https:\\\/\\\/sharpmarketing.agency\\\/it\\\/informativa-sui-cookie\\\/\",\"url\":\"https:\\\/\\\/sharpmarketing.agency\\\/it\\\/informativa-sui-cookie\\\/\",\"name\":\"Informativa sui cookie - SHARP\",\"isPartOf\":{\"@id\":\"https:\\\/\\\/sharpmarketing.agency\\\/it\\\/#website\"},\"datePublished\":\"2026-02-03T14:09:01+00:00\",\"dateModified\":\"2026-02-05T16:18:34+00:00\",\"breadcrumb\":{\"@id\":\"https:\\\/\\\/sharpmarketing.agency\\\/it\\\/informativa-sui-cookie\\\/#breadcrumb\"},\"inLanguage\":\"it-IT\",\"potentialAction\":[{\"@type\":\"ReadAction\",\"target\":[\"https:\\\/\\\/sharpmarketing.agency\\\/it\\\/informativa-sui-cookie\\\/\"]}]},{\"@type\":\"BreadcrumbList\",\"@id\":\"https:\\\/\\\/sharpmarketing.agency\\\/it\\\/informativa-sui-cookie\\\/#breadcrumb\",\"itemListElement\":[{\"@type\":\"ListItem\",\"position\":1,\"name\":\"Home\",\"item\":\"https:\\\/\\\/sharpmarketing.agency\\\/it\\\/\"},{\"@type\":\"ListItem\",\"position\":2,\"name\":\"Informativa sui cookie\"}]},{\"@type\":\"WebSite\",\"@id\":\"https:\\\/\\\/sharpmarketing.agency\\\/it\\\/#website\",\"url\":\"https:\\\/\\\/sharpmarketing.agency\\\/it\\\/\",\"name\":\"SHARP\",\"description\":\"\",\"potentialAction\":[{\"@type\":\"SearchAction\",\"target\":{\"@type\":\"EntryPoint\",\"urlTemplate\":\"https:\\\/\\\/sharpmarketing.agency\\\/it\\\/?s={search_term_string}\"},\"query-input\":{\"@type\":\"PropertyValueSpecification\",\"valueRequired\":true,\"valueName\":\"search_term_string\"}}],\"inLanguage\":\"it-IT\"}]}<\/script>\n<!-- \/ Yoast SEO plugin. -->","yoast_head_json":{"title":"Informativa sui cookie - SHARP","robots":{"index":"index","follow":"follow","max-snippet":"max-snippet:-1","max-image-preview":"max-image-preview:large","max-video-preview":"max-video-preview:-1"},"canonical":"https:\/\/sharpmarketing.agency\/it\/informativa-sui-cookie\/","og_locale":"it_IT","og_type":"article","og_title":"Informativa sui cookie - SHARP","og_description":"COOKIE POLICY Premessa Il presente sito web utilizza i cosiddetti cookie. Ai sensi dell\u2019art. 13 del Regolamento UE 2016\/679 (GDPR) e della normativa nazionale applicabile in materia di trattamento dei dati personali e di cookie, la presente Cookie Policy chiarisce cosa sono i cookie e spiega quali cookie vengono utilizzati e per quali finalit\u00e0.La Privacy [&hellip;]","og_url":"https:\/\/sharpmarketing.agency\/it\/informativa-sui-cookie\/","og_site_name":"SHARP","article_modified_time":"2026-02-05T16:18:34+00:00","twitter_card":"summary_large_image","twitter_misc":{"Tempo di lettura stimato":"8 minuti"},"schema":{"@context":"https:\/\/schema.org","@graph":[{"@type":"WebPage","@id":"https:\/\/sharpmarketing.agency\/it\/informativa-sui-cookie\/","url":"https:\/\/sharpmarketing.agency\/it\/informativa-sui-cookie\/","name":"Informativa sui cookie - SHARP","isPartOf":{"@id":"https:\/\/sharpmarketing.agency\/it\/#website"},"datePublished":"2026-02-03T14:09:01+00:00","dateModified":"2026-02-05T16:18:34+00:00","breadcrumb":{"@id":"https:\/\/sharpmarketing.agency\/it\/informativa-sui-cookie\/#breadcrumb"},"inLanguage":"it-IT","potentialAction":[{"@type":"ReadAction","target":["https:\/\/sharpmarketing.agency\/it\/informativa-sui-cookie\/"]}]},{"@type":"BreadcrumbList","@id":"https:\/\/sharpmarketing.agency\/it\/informativa-sui-cookie\/#breadcrumb","itemListElement":[{"@type":"ListItem","position":1,"name":"Home","item":"https:\/\/sharpmarketing.agency\/it\/"},{"@type":"ListItem","position":2,"name":"Informativa sui cookie"}]},{"@type":"WebSite","@id":"https:\/\/sharpmarketing.agency\/it\/#website","url":"https:\/\/sharpmarketing.agency\/it\/","name":"SHARP","description":"","potentialAction":[{"@type":"SearchAction","target":{"@type":"EntryPoint","urlTemplate":"https:\/\/sharpmarketing.agency\/it\/?s={search_term_string}"},"query-input":{"@type":"PropertyValueSpecification","valueRequired":true,"valueName":"search_term_string"}}],"inLanguage":"it-IT"}]}},"_links":{"self":[{"href":"https:\/\/sharpmarketing.agency\/it\/wp-json\/wp\/v2\/pages\/1142","targetHints":{"allow":["GET"]}}],"collection":[{"href":"https:\/\/sharpmarketing.agency\/it\/wp-json\/wp\/v2\/pages"}],"about":[{"href":"https:\/\/sharpmarketing.agency\/it\/wp-json\/wp\/v2\/types\/page"}],"author":[{"embeddable":true,"href":"https:\/\/sharpmarketing.agency\/it\/wp-json\/wp\/v2\/users\/1"}],"replies":[{"embeddable":true,"href":"https:\/\/sharpmarketing.agency\/it\/wp-json\/wp\/v2\/comments?post=1142"}],"version-history":[{"count":1,"href":"https:\/\/sharpmarketing.agency\/it\/wp-json\/wp\/v2\/pages\/1142\/revisions"}],"predecessor-version":[{"id":1143,"href":"https:\/\/sharpmarketing.agency\/it\/wp-json\/wp\/v2\/pages\/1142\/revisions\/1143"}],"wp:attachment":[{"href":"https:\/\/sharpmarketing.agency\/it\/wp-json\/wp\/v2\/media?parent=1142"}],"curies":[{"name":"wp","href":"https:\/\/api.w.org\/{rel}","templated":true}]}}